{"id":813,"date":"2019-11-30T17:53:09","date_gmt":"2019-11-30T16:53:09","guid":{"rendered":"http:\/\/www.sv-wolfurt.com\/hp\/?page_id=813"},"modified":"2025-10-13T20:23:55","modified_gmt":"2025-10-13T18:23:55","slug":"impressum","status":"publish","type":"page","link":"http:\/\/www.sv-wolfurt.com\/hp\/impressum\/","title":{"rendered":"Impressum"},"content":{"rendered":"<p>Informationspflicht laut \u00a75 E-Commerce Gesetz, \u00a714 Unternehmensgesetzbuch, \u00a763 Gewerbeordnung und Offenlegungspflicht laut \u00a725 Mediengesetz.<\/p>\n<p>Schiverein-Wolfurt<br \/>\nZVR: 294990829<\/p>\n<p>Lerchenm\u00fchlstra\u00dfe 22 c<br \/>\n6971 Hard,<br \/>\n\u00d6sterreich<\/p>\n<p>Organschaftliche Vertreter<br \/>\nObmann\/Obfrau: Mathias Gorbach<br \/>\nObmann\/Obfrau Stellvertreter: Niklas Herburger<\/p>\n<p>Vereinssitz: Wolfurt<br \/>\nE-Mail: info@sv-wolfurt.com<\/p>\n<p>Vereinszweck:<br \/>\nF\u00f6rderung und Pflege sportlicher und touristischer alpiner Sportarten (Schifahren, Langlaufen, Snowboarden etc.) F\u00f6rderung der k\u00f6rperlichen Ert\u00fcchtigung seiner Mitglieder Bereicherung des Lebens durch sportliche Veranstaltungen F\u00f6rderung der Jugend und des Nachwuchses Pflege freundschaftlicher Beziehungen unter den Mitgliedern Zusammenarbeit mit anderen Vereinen und Verb\u00e4nden Weiterentwicklung der alpinen Sportarten zur Werbung der Bev\u00f6lkerung<\/p>\n","protected":false},"excerpt":{"rendered":"<p>Informationspflicht laut \u00a75 E-Commerce Gesetz, \u00a714 Unternehmensgesetzbuch, \u00a763 Gewerbeordnung und Offenlegungspflicht laut \u00a725 Mediengesetz. Schiverein-Wolfurt ZVR: 294990829 Lerchenm\u00fchlstra\u00dfe 22 c 6971 Hard, \u00d6sterreich Organschaftliche Vertreter Obmann\/Obfrau: Mathias Gorbach Obmann\/Obfrau Stellvertreter: Niklas Herburger Vereinssitz: Wolfurt E-Mail: info@sv-wolfurt.com Vereinszweck: F\u00f6rderung und Pflege sportlicher und touristischer alpiner Sportarten (Schifahren, Langlaufen, Snowboarden etc.) F\u00f6rderung der k\u00f6rperlichen Ert\u00fcchtigung seiner Mitglieder Bereicherung des Lebens durch sportliche Veranstaltungen F\u00f6rderung der Jugend und des Nachwuchses Pflege freundschaftlicher Beziehungen unter den Mitgliedern Zusammenarbeit mit anderen Vereinen und Verb\u00e4nden Weiterentwicklung der alpinen Sportarten zur Werbung der Bev\u00f6lkerung<\/p>\n","protected":false},"author":1,"featured_media":0,"parent":0,"menu_order":0,"comment_status":"closed","ping_status":"closed","template":"","meta":{"ngg_post_thumbnail":0,"footnotes":""},"class_list":["post-813","page","type-page","status-publish","hentry"],"acf":[],"_links":{"self":[{"href":"http:\/\/www.sv-wolfurt.com\/hp\/wp-json\/wp\/v2\/pages\/813","targetHints":{"allow":["GET"]}}],"collection":[{"href":"http:\/\/www.sv-wolfurt.com\/hp\/wp-json\/wp\/v2\/pages"}],"about":[{"href":"http:\/\/www.sv-wolfurt.com\/hp\/wp-json\/wp\/v2\/types\/page"}],"author":[{"embeddable":true,"href":"http:\/\/www.sv-wolfurt.com\/hp\/wp-json\/wp\/v2\/users\/1"}],"replies":[{"embeddable":true,"href":"http:\/\/www.sv-wolfurt.com\/hp\/wp-json\/wp\/v2\/comments?post=813"}],"version-history":[{"count":4,"href":"http:\/\/www.sv-wolfurt.com\/hp\/wp-json\/wp\/v2\/pages\/813\/revisions"}],"predecessor-version":[{"id":930,"href":"http:\/\/www.sv-wolfurt.com\/hp\/wp-json\/wp\/v2\/pages\/813\/revisions\/930"}],"wp:attachment":[{"href":"http:\/\/www.sv-wolfurt.com\/hp\/wp-json\/wp\/v2\/media?parent=813"}],"curies":[{"name":"wp","href":"https:\/\/api.w.org\/{rel}","templated":true}]}}